{"id":273,"date":"2018-02-23T09:14:22","date_gmt":"2018-02-23T09:14:22","guid":{"rendered":"http:\/\/redmodcard.webs.upv.es\/?page_id=273"},"modified":"2018-02-27T00:25:48","modified_gmt":"2018-02-27T00:25:48","slug":"prensa","status":"publish","type":"page","link":"https:\/\/redmodcard.webs.upv.es\/?page_id=273","title":{"rendered":"Notas de Prensa"},"content":{"rendered":"<h5><a href=\"http:\/\/redmodcard.webs.upv.es\/wp-content\/uploads\/2018\/02\/Diario-de-Teruel.-19-12-17.pdf\">La Universidad de Zaragoza colaborar\u00e1 en el desarrollo de un \u00abcoraz\u00f3n virtual\u00bb\u00a0<\/a><\/h5>\n<p>Diario de Teruel. 19-12-17<\/p>\n<hr \/>\n<h5><a href=\"http:\/\/redmodcard.webs.upv.es\/wp-content\/uploads\/2018\/02\/Diario-del-Alto-Arag\u00a2n.-19-12-17.pdf\">Unizar colaborar\u00e1 en el desarrollo de un \u00abcoraz\u00f3n virtual\u00bb\u00a0<\/a><\/h5>\n<p>Diario del Alto Arag\u00f3n. 19-12-17<\/p>\n<hr \/>\n<h5><a href=\"http:\/\/redmodcard.webs.upv.es\/wp-content\/uploads\/2018\/02\/Las-Provincias.-18-12-17.pdf\">La UPV lanza un proyecto para crear un \u00abcoraz\u00f3n virtual\u00bb<\/a><\/h5>\n<p>Las Provincias. 18-12-17<\/p>\n<hr \/>\n<h5><a href=\"http:\/\/redmodcard.webs.upv.es\/wp-content\/uploads\/2018\/02\/Jano.es_.-Medicina-y-Humanidades.-18-12-17.pdf\">Cient\u00edficos espa\u00f1oles colaboran para crear un \u00abcoraz\u00f3n virtual\u00bb\u00a0<\/a><\/h5>\n<p>Jano.es. Medicina y Humanidades. 18-12-17<\/p>\n<hr \/>\n<h5><a href=\"http:\/\/redmodcard.webs.upv.es\/wp-content\/uploads\/2018\/02\/Gentedigital.-18-12-17.pdf\">Investigadores espa\u00f1oles a\u00fanan fuerzas para crear un \u00abcoraz\u00f3n virtual\u00bb<\/a><\/h5>\n<p>Gentedigital. 18-12-17<\/p>\n<hr \/>\n<h5><a href=\"http:\/\/redmodcard.webs.upv.es\/wp-content\/uploads\/2018\/02\/europapress.-18-12-17.-CS.pdf\">Investigadores espa\u00f1oles a\u00fanan fuerzas para crear un \u00abcoraz\u00f3n virtual\u00bb\u00a0<\/a><\/h5>\n<p>Europapress. 18-12-17. CS<\/p>\n<hr \/>\n<h5><a href=\"http:\/\/redmodcard.webs.upv.es\/wp-content\/uploads\/2018\/02\/europa-press.-18-12-17.pdf\">Investigadors espanyols s&#8217;unixen per a crear un \u00abcor virtual\u00bb<\/a><\/h5>\n<p>Europapress. 18-12-17<\/p>\n<hr \/>\n<h5><a href=\"http:\/\/redmodcard.webs.upv.es\/wp-content\/uploads\/2018\/02\/eleconomista.es_.-18-12-17.pdf\">Investigadores espa\u00f1oles a\u00fanan fuerzas para crear un \u00abcoraz\u00f3n virtual\u00bb<\/a><\/h5>\n<p>El Economista.es. 18-12-17<\/p>\n<hr \/>\n<h5><a href=\"http:\/\/redmodcard.webs.upv.es\/wp-content\/uploads\/2018\/02\/El-periodico-de-aragon.-18-12-17.pdf\">Nace la Red Espa\u00f1ola de Investigaci\u00f3n en Modelizaci\u00f3n Computacional Card\u00edaca\u00a0<\/a><\/h5>\n<p>El Peri\u00f3dico de Arag\u00f3n. 18-12-17<\/p>\n<hr \/>\n<h5><a href=\"http:\/\/redmodcard.webs.upv.es\/wp-content\/uploads\/2018\/02\/ConSalud.es_.-18-12-17.pdf\">Nace la Red Espa\u00f1ola de investigaci\u00f3n en Modelizaci\u00f3n Computacional Card\u00edaca<\/a><\/h5>\n<p>Con Salud.es. 18-12-17<\/p>\n<hr \/>\n<h5><a href=\"http:\/\/redmodcard.webs.upv.es\/wp-content\/uploads\/2018\/02\/Catunya-Press.-18-12-17-CS.pdf\">Investigadores espa\u00f1oles colaboran para crear un coraz\u00f3n virtual<\/a><\/h5>\n<p>Catalunya Press. 18-12-17 CS<\/p>\n<hr \/>\n<h5><a href=\"http:\/\/redmodcard.webs.upv.es\/wp-content\/uploads\/2018\/02\/Catalunya-Press.-18-12-17.pdf\">Investigadors espanyols col.laboren per crear un cor virtual<\/a><\/h5>\n<p>Catalunya Press. 18-12-17<\/p>\n<hr \/>\n<h5><a href=\"http:\/\/redmodcard.webs.upv.es\/wp-content\/uploads\/2018\/02\/abc.es_.-18-12-17.pdf\">Universidades valencianas crean una red investigadora en corazones virtuales<\/a><\/h5>\n<p>ABC.es. 18-12-17<\/p>\n<p>&nbsp;<\/p>\n<p>&nbsp;<\/p>\n<p>&nbsp;<\/p>\n<p>&nbsp;<\/p>\n","protected":false},"excerpt":{"rendered":"<p>La Universidad de Zaragoza colaborar\u00e1 en el desarrollo de un \u00abcoraz\u00f3n virtual\u00bb\u00a0 Diario de Teruel. 19-12-17 Unizar colaborar\u00e1 en el desarrollo de un \u00abcoraz\u00f3n virtual\u00bb\u00a0 Diario del Alto Arag\u00f3n. 19-12-17 La UPV lanza un proyecto para crear un \u00abcoraz\u00f3n virtual\u00bb Las Provincias. 18-12-17 Cient\u00edficos espa\u00f1oles colaboran para crear un \u00abcoraz\u00f3n virtual\u00bb\u00a0 Jano.es. Medicina y Humanidades. 18-12-17 Investigadores espa\u00f1oles a\u00fanan fuerzas para crear un \u00abcoraz\u00f3n virtual\u00bb Gentedigital. 18-12-17 Investigadores espa\u00f1oles a\u00fanan fuerzas para crear un \u00abcoraz\u00f3n virtual\u00bb\u00a0 Europapress. 18-12-17. CS Investigadors &hellip; <a class=\"kt-excerpt-readmore\" href=\"https:\/\/redmodcard.webs.upv.es\/?page_id=273\" aria-label=\"Notas de Prensa\">Read More<\/a><\/p>\n","protected":false},"author":1,"featured_media":0,"parent":0,"menu_order":0,"comment_status":"closed","ping_status":"closed","template":"page-fullwidth.php","meta":{"footnotes":"","_links_to":"","_links_to_target":""},"class_list":["post-273","page","type-page","status-publish","hentry"],"_links":{"self":[{"href":"https:\/\/redmodcard.webs.upv.es\/index.php?rest_route=\/wp\/v2\/pages\/273","targetHints":{"allow":["GET"]}}],"collection":[{"href":"https:\/\/redmodcard.webs.upv.es\/index.php?rest_route=\/wp\/v2\/pages"}],"about":[{"href":"https:\/\/redmodcard.webs.upv.es\/index.php?rest_route=\/wp\/v2\/types\/page"}],"author":[{"embeddable":true,"href":"https:\/\/redmodcard.webs.upv.es\/index.php?rest_route=\/wp\/v2\/users\/1"}],"replies":[{"embeddable":true,"href":"https:\/\/redmodcard.webs.upv.es\/index.php?rest_route=%2Fwp%2Fv2%2Fcomments&post=273"}],"version-history":[{"count":10,"href":"https:\/\/redmodcard.webs.upv.es\/index.php?rest_route=\/wp\/v2\/pages\/273\/revisions"}],"predecessor-version":[{"id":580,"href":"https:\/\/redmodcard.webs.upv.es\/index.php?rest_route=\/wp\/v2\/pages\/273\/revisions\/580"}],"wp:attachment":[{"href":"https:\/\/redmodcard.webs.upv.es\/index.php?rest_route=%2Fwp%2Fv2%2Fmedia&parent=273"}],"curies":[{"name":"wp","href":"https:\/\/api.w.org\/{rel}","templated":true}]}}