{"id":356,"date":"2018-02-27T10:20:31","date_gmt":"2018-02-27T10:20:31","guid":{"rendered":"http:\/\/redmodcard.webs.upv.es\/?page_id=356"},"modified":"2024-06-18T09:50:31","modified_gmt":"2024-06-18T09:50:31","slug":"contacto","status":"publish","type":"page","link":"https:\/\/redmodcard.webs.upv.es\/?page_id=356","title":{"rendered":"Contacto"},"content":{"rendered":"<h4>Miguel Rodrigo Bort. Coordinador<\/h4>\n<h5>Computational Multiscale Simulation Lab (CoMMLab). Universitat de Valencia.<\/h5>\n<p>Direcci\u00f3n: Escuela T\u00e9cnica Superior de Ingenier\u00eda, Avinguda de l&#8217;Universitat, 46100 Burjassot, Valencia (Spain)<\/p>\n<p>Correo: redvheart@gmail.com<\/p>\n","protected":false},"excerpt":{"rendered":"<p>Miguel Rodrigo Bort. Coordinador Computational Multiscale Simulation Lab (CoMMLab). Universitat de Valencia. Direcci\u00f3n: Escuela T\u00e9cnica Superior de Ingenier\u00eda, Avinguda de l&#8217;Universitat, 46100 Burjassot, Valencia (Spain) Correo: redvheart@gmail.com<\/p>\n","protected":false},"author":1,"featured_media":0,"parent":0,"menu_order":0,"comment_status":"closed","ping_status":"closed","template":"page-fullwidth.php","meta":{"footnotes":"","_links_to":"","_links_to_target":""},"class_list":["post-356","page","type-page","status-publish","hentry"],"_links":{"self":[{"href":"https:\/\/redmodcard.webs.upv.es\/index.php?rest_route=\/wp\/v2\/pages\/356","targetHints":{"allow":["GET"]}}],"collection":[{"href":"https:\/\/redmodcard.webs.upv.es\/index.php?rest_route=\/wp\/v2\/pages"}],"about":[{"href":"https:\/\/redmodcard.webs.upv.es\/index.php?rest_route=\/wp\/v2\/types\/page"}],"author":[{"embeddable":true,"href":"https:\/\/redmodcard.webs.upv.es\/index.php?rest_route=\/wp\/v2\/users\/1"}],"replies":[{"embeddable":true,"href":"https:\/\/redmodcard.webs.upv.es\/index.php?rest_route=%2Fwp%2Fv2%2Fcomments&post=356"}],"version-history":[{"count":13,"href":"https:\/\/redmodcard.webs.upv.es\/index.php?rest_route=\/wp\/v2\/pages\/356\/revisions"}],"predecessor-version":[{"id":595,"href":"https:\/\/redmodcard.webs.upv.es\/index.php?rest_route=\/wp\/v2\/pages\/356\/revisions\/595"}],"wp:attachment":[{"href":"https:\/\/redmodcard.webs.upv.es\/index.php?rest_route=%2Fwp%2Fv2%2Fmedia&parent=356"}],"curies":[{"name":"wp","href":"https:\/\/api.w.org\/{rel}","templated":true}]}}