{"id":71,"date":"2018-01-23T23:46:06","date_gmt":"2018-01-23T23:46:06","guid":{"rendered":"http:\/\/redmodcard.webs.upv.es\/?page_id=71"},"modified":"2024-06-18T10:04:24","modified_gmt":"2024-06-18T10:04:24","slug":"colaboradores","status":"publish","type":"page","link":"https:\/\/redmodcard.webs.upv.es\/?page_id=71","title":{"rendered":"Colaboradores Externos"},"content":{"rendered":"<div id=\"pl-71\"  class=\"panel-layout\" ><div id=\"pg-71-0\"  class=\"panel-grid panel-no-style\" ><div id=\"pgc-71-0-0\"  class=\"panel-grid-cell\" ><div id=\"panel-71-0-0-0\" class=\"so-panel widget widget_sow-accordion panel-first-child panel-last-child\" data-index=\"0\" ><div\n\t\t\t\n\t\t\tclass=\"so-widget-sow-accordion so-widget-sow-accordion-default-9c37359e64bf-71\"\n\t\t\t\n\t\t><div>\n\t<div class=\"sow-accordion\">\n\t\t\t<div class=\"sow-accordion-panel\n\t\t\t\t\t\"\n\t\t\t\tdata-anchor-id=\"hospitales-y-centros-de-investigacion\">\n\t\t\t\t\t<div class=\"sow-accordion-panel-header-container\" role=\"heading\" aria-level=\"2\">\n\t\t\t\t\t<div class=\"sow-accordion-panel-header\" tabindex=\"0\" role=\"button\" id=\"accordion-label-hospitales-y-centros-de-investigaci%c3%b3n\" aria-controls=\"accordion-content-hospitales-y-centros-de-investigaci%c3%b3n\" aria-expanded=\"false\">\n\t\t\t\t\t\t<div class=\"sow-accordion-title sow-accordion-title-icon-left\">\n\t\t\t\t\t\t\t\t\t\t\t\t\t\tHOSPITALES y CENTROS DE INVESTIGACI\u00d3N\t\t\t\t\t\t\t\t\t\t\t\t\t<\/div>\n\t\t\t\t\t\t<div class=\"sow-accordion-open-close-button\">\n\t\t\t\t\t\t\t<div class=\"sow-accordion-open-button\">\n\t\t\t\t\t\t\t\t<span class=\"sow-icon-ionicons\" data-sow-icon=\"&#xf218;\"\n\t\t \n\t\taria-hidden=\"true\"><\/span>\t\t\t\t\t\t\t<\/div>\n\t\t\t\t\t\t\t<div class=\"sow-accordion-close-button\">\n\t\t\t\t\t\t\t\t<span class=\"sow-icon-ionicons\" data-sow-icon=\"&#xf209;\"\n\t\t \n\t\taria-hidden=\"true\"><\/span>\t\t\t\t\t\t\t<\/div>\n\t\t\t\t\t\t<\/div>\n\t\t\t\t\t<\/div>\n\t\t\t\t<\/div>\n\n\t\t\t<div\n\t\t\t\tclass=\"sow-accordion-panel-content\"\n\t\t\t\trole=\"region\"\n\t\t\t\taria-labelledby=\"accordion-label-hospitales-y-centros-de-investigaci%c3%b3n\"\n\t\t\t\tid=\"accordion-content-hospitales-y-centros-de-investigaci%c3%b3n\"\n\t\t\t\tstyle=\"display: none;\"\t\t\t>\n\t\t\t\t<div class=\"sow-accordion-panel-border\">\n\t\t\t\t\t<ul>\n \t<li>\n<h5><strong>Dr.<\/strong><strong> F. Javier\u00a0Chorro<\/strong>,\u00a0Jefe Servicio Cardiolog\u00eda,\u00a0Hospital Cl\u00ednico (Valencia)<\/h5>\n<\/li>\n \t<li>\n<h5><strong>Dr.<\/strong> <strong>Juan Cinca<\/strong>, Director del Servicio de Cardiolog\u00eda,\u00a0Hospital de la Santa Creu i Sant Pau (Barcelona)<\/h5>\n<\/li>\n \t<li>\n<h5><strong>Dra.\u00a0<\/strong><strong>Marta Sitges,<\/strong> Jefe Servicio Cardiolog\u00eda y Cirug\u00eda Card\u00edaca, Hospital Clinic (Barcelona)<\/h5>\n<\/li>\n \t<li>\n<h5><strong>Dr.\u00a0<\/strong><strong>Arturo Evangelista,\u00a0<\/strong>Jefe de Imagen Card\u00edaca, Hospital Vall d\u2019Ebron (Barcelona)<\/h5>\n<\/li>\n \t<li>\n<h5><strong>Dr.<\/strong> <strong>Jose \u00c1ngel Cabrera,<\/strong> Jefe Servicio Cardiolog\u00eda, Grupo Quir\u00f3n (Madrid)<\/h5>\n<\/li>\n \t<li>\n<h5><strong>Dr.<\/strong> <strong>Jes\u00fas Almendral<\/strong>, Jefe de la Unidad de Arritmias, Grupo Hospitales de Madrid<\/h5>\n<\/li>\n \t<li>\n<h5><strong>Dr.\u00a0<\/strong><strong>Jesus Daniel Mart\u00ednez Alday<\/strong>, Adjunto de la Unidad de arritmias \/ Director de la unidad de arritmias Hospital Universitario de Basurto,(Bilbao) \/ Cl\u00ednica IMQ Zorrotzaurre, (Bilbao)<\/h5>\n<\/li>\n \t<li>\n<h5><strong>Dr.\u00a0<\/strong><strong>Andr\u00e9s I.\u00a0Bodegas<\/strong>,\u00a0Jefe de Seccion de\u00a0Electrofisiolog\u00eda y\u00a0Arritmias,\u00a0Hospital de Cruces (Barakaldo)<\/h5>\n<\/li>\n \t<li>\n<h5><strong>Dr. Juan\u00a0Ignacio P\u00e9rez\u00a0Calvo,\u00a0<\/strong>Jefe servicio de\u00a0Medicina Interna, Hospital Cl\u00ednico\u00a0Lozano-Blesa, (Zaragoza)<\/h5>\n<\/li>\n \t<li>\n<h5><strong>Jos\u00e9 Antonio\u00a0Casasnovas\u00a0Lenguas<\/strong>,\u00a0Unidad de\u00a0Investigaci\u00f3n en\u00a0Prevenci\u00f3n\u00a0Cardiovascular. IIS, Arag\u00f3n, Hospital Miguel\u00a0Servet, (Zaragoza)<\/h5>\n<\/li>\n \t<li>\n<h5><strong>Dr.\u00a0<\/strong><strong>Javier D\u00edez \u00a0M.D., Ph.D<\/strong>. Director, Program of Cardiovascular Diseases, Centro de Investigaci\u00f3n M\u00e9dica Aplicada (Universidad de Navarra)<\/h5>\n<\/li>\n \t<li>\n<h5><strong>Dr.<\/strong><strong> Ignacio Garcia-Bolao, M.D., Ph.D<\/strong>. Director, Departamento de Cardiolog\u00eda y Cirug\u00eda Cardiovascular Cl\u00ednica Universidad de Navarra (Pamplona)<\/h5>\n<\/li>\n \t<li>\n<h5><strong>Dr.<\/strong><strong>Carlos Vaquero Puerta<\/strong>, Catedr\u00e1tico-Jefe de Servicio Angiolog\u00eda y Ciruj\u00eda Vascular, Hospital Cl\u00ednico de Valladolid<\/h5>\n<\/li>\n \t<li>\n<h5><strong>Dr.\u00a0<\/strong><strong>Leif Hove-Madsen<\/strong>,\u00a0Director del\u00a0Laboratorio de\u00a0Fisiolog\u00eda Celular\u00a0Instituto de Ciencias\u00a0Cardiovasculares de\u00a0Catalu\u00f1a CSIC-ICCC<\/h5>\n<\/li>\n \t<li>\n<h5><strong>Dr.\u00a0<\/strong><strong>Jos\u00e9 Ram\u00f3n\u00a0L\u00f3pez M\u00ednguez<\/strong>\u00a0Jefe de secci\u00f3n del\u00a0Servicio Cardiolog\u00eda\u00a0Intervencionista, Complejo\u00a0Hospitalario Infanta\u00a0Cristina Badajoz<\/h5>\n<\/li>\n \t<li>\n<h5><strong>Dr. C\u00e9sar Veiga Garc\u00eda,<\/strong> Investigador Senior, Instituto de Investigaci\u00f3n Sanitaria Galicia Sur (IISGS),\u00a0Hospital \u00c1lvaro Cunqueiro.<\/h5>\n<\/li>\n \t<li>\n<h5><strong>Dr. Francesc Carreras,\u00a0Hospital de la Santa Creu i Sant Pau, Barcelona<\/strong><\/h5>\n<\/li>\n \t<li>\n<h5><strong>Dr. Dabit Arzamendi,\u00a0Hospital de la Santa Creu i Sant Pau, Barcelon<\/strong><\/h5>\n<\/li>\n \t<li>\n<h5><strong>Dr. Antonio Berruezo,\u00a0Hospital Clinic, Barcelona<\/strong><\/h5>\n<\/li>\n \t<li>\n<h5><strong>Dr. Llu\u00eds Mont,\u00a0Hospital Clinic, Barcelona<\/strong><\/h5>\n<\/li>\n \t<li>\n<h5><strong>Dr. Xavier Freixa,\u00a0Hospital Clinic, Barcelona<\/strong><\/h5>\n<\/li>\n \t<li>\n<h5><strong>Dr. <\/strong><strong>Jos\u00e9 Rodr\u00edguez,\u00a0Hospital Vall d\u2019Hebron, Barcelona<\/strong><\/h5>\n<\/li>\n \t<li>\n<h5><strong>Dra.\u00a0<\/strong><strong style=\"color: inherit; font-family: inherit;\">Andrea Guala,\u00a0Hospital Vall d\u2019Hebron, Barcelona<\/strong><\/h5>\n<\/li>\n \t<li>\n<h5><strong>Dr. <\/strong><strong>Eduardo Castellanos,\u00a0Grupo Hospitales de Madrid<\/strong><\/h5>\n<\/li>\n \t<li>\n<h5><strong>Dr.\u00a0\u00a0<\/strong><strong>Borja Ib\u00e1\u00f1ez,\u00a0Hospital Cl\u00ednico San Carlos, Madrid<\/strong><\/h5>\n<\/li>\n \t<li>\n<h5><strong>Dr.\u00a0<\/strong><strong>Julio Mart\u00ed, Director del Servicio de Cardiolog\u00eda,\u00a0Hospital del Mar, Barcelona<\/strong><\/h5>\n<\/li>\n \t<li>\n<h5><strong>Dr.\u00a0<\/strong><strong>Ermengol Vall\u00e9s,\u00a0Hospital del Mar, Barcelona<\/strong><\/h5>\n<\/li>\n \t<li>\n<h5><strong>Dr.\u00a0<\/strong><strong>Israel Valverde,\u00a0Hospital del Virgen del Roc\u00edo, Sevilla<\/strong><\/h5>\n<\/li>\n \t<li>\n<h5><strong>Dr.\u00a0<\/strong><strong>Juan Acosta,\u00a0Hospital del Virgen del Roc\u00edo, Sevilla<\/strong><\/h5>\n<\/li>\n \t<li>\n<h5><strong>Dr. <\/strong><strong>Juan Fern\u00e1ndez-Armenta,\u00a0Hospital Universitario Puerta del Ma<\/strong><\/h5>\n<\/li>\n \t<li>\n<h5><strong>Dr. <\/strong><strong>Dami\u00e1n S\u00e1nchez-Quintana,\u00a0Hospital Infanta Cristina\u00a0Badajoz<\/strong><\/h5>\n<\/li>\n<\/ul>\t\t\t\t<\/div>\n\t\t\t<\/div>\n\t\t<\/div>\n\t\t\t<div class=\"sow-accordion-panel\n\t\t\t\t\t\"\n\t\t\t\tdata-anchor-id=\"empresas\">\n\t\t\t\t\t<div class=\"sow-accordion-panel-header-container\" role=\"heading\" aria-level=\"2\">\n\t\t\t\t\t<div class=\"sow-accordion-panel-header\" tabindex=\"0\" role=\"button\" id=\"accordion-label-empresas\" aria-controls=\"accordion-content-empresas\" aria-expanded=\"false\">\n\t\t\t\t\t\t<div class=\"sow-accordion-title sow-accordion-title-icon-left\">\n\t\t\t\t\t\t\t\t\t\t\t\t\t\tEMPRESAS\t\t\t\t\t\t\t\t\t\t\t\t\t<\/div>\n\t\t\t\t\t\t<div class=\"sow-accordion-open-close-button\">\n\t\t\t\t\t\t\t<div class=\"sow-accordion-open-button\">\n\t\t\t\t\t\t\t\t<span class=\"sow-icon-ionicons\" data-sow-icon=\"&#xf218;\"\n\t\t \n\t\taria-hidden=\"true\"><\/span>\t\t\t\t\t\t\t<\/div>\n\t\t\t\t\t\t\t<div class=\"sow-accordion-close-button\">\n\t\t\t\t\t\t\t\t<span class=\"sow-icon-ionicons\" data-sow-icon=\"&#xf209;\"\n\t\t \n\t\taria-hidden=\"true\"><\/span>\t\t\t\t\t\t\t<\/div>\n\t\t\t\t\t\t<\/div>\n\t\t\t\t\t<\/div>\n\t\t\t\t<\/div>\n\n\t\t\t<div\n\t\t\t\tclass=\"sow-accordion-panel-content\"\n\t\t\t\trole=\"region\"\n\t\t\t\taria-labelledby=\"accordion-label-empresas\"\n\t\t\t\tid=\"accordion-content-empresas\"\n\t\t\t\tstyle=\"display: none;\"\t\t\t>\n\t\t\t\t<div class=\"sow-accordion-panel-border\">\n\t\t\t\t\t<ul>\n \t<li>\n<h5><strong>Mariano Barbero,<\/strong> Clinical Affairs Country Manager,\u00a0LivaNova<\/h5>\n<\/li>\n \t<li>\n<h5><strong>Llu\u00eds Serra,<\/strong> Director of the Image-Guided Planning &amp; Interventional Unit, Galgo<\/h5>\n<\/li>\n \t<li>\n<h5><strong>Jordi L\u00f3pez<\/strong>, CEO, Alma<\/h5>\n<\/li>\n \t<li>\n<h5><strong>David Andreu<\/strong>, Field Clinical Specialist Boston\u00a0Scientific<\/h5>\n<\/li>\n \t<li>\n<h5><strong>Javier S\u00e1nchez<\/strong>, Clinical Scientist, Philips<\/h5>\n<\/li>\n \t<li>\n<h5><strong>Mar\u00eda Montserrat Garc\u00eda de Pablo<\/strong>, Iberia Market Development Manager IHS, Medtronic<\/h5>\n<\/li>\n \t<li>\n<h5><strong>Josep Asenjo Cardiac,<\/strong> Rhythm ,Management Sales Manager, Biotronik<\/h5>\n<\/li>\n \t<li>\n<h5><strong>Dr. Luis Mart\u00ed-Bonmat\u00ed,<\/strong> Founder and Research Director, QUIBIM<\/h5>\n<\/li>\n \t<li>\n<h5><strong>Jose Manuel Jim\u00e9nez Bascones<\/strong>, Co-Director, STT Systems<\/h5>\n<\/li>\n \t<li>\n<h5><strong>Helena Fern\u00e1ndez L\u00f3pez, <\/strong>Director, eSalud, Gradiant.<\/h5>\n<\/li>\n<\/ul>\t\t\t\t<\/div>\n\t\t\t<\/div>\n\t\t<\/div>\n\t\t<\/div>\n<\/div>\n<\/div><\/div><\/div><\/div><\/div>","protected":false},"excerpt":{"rendered":"<p>HOSPITALES y CENTROS DE INVESTIGACI\u00d3N Dr. F. Javier\u00a0Chorro,\u00a0Jefe Servicio Cardiolog\u00eda,\u00a0Hospital Cl\u00ednico (Valencia) Dr. Juan Cinca, Director del Servicio de Cardiolog\u00eda,\u00a0Hospital de la Santa Creu i Sant Pau (Barcelona) Dra.\u00a0Marta Sitges, Jefe Servicio Cardiolog\u00eda y Cirug\u00eda Card\u00edaca, Hospital Clinic (Barcelona) Dr.\u00a0Arturo Evangelista,\u00a0Jefe de Imagen Card\u00edaca, Hospital Vall d\u2019Ebron (Barcelona) Dr. Jose \u00c1ngel Cabrera, Jefe Servicio Cardiolog\u00eda, Grupo Quir\u00f3n (Madrid) Dr. Jes\u00fas Almendral, Jefe de la Unidad de Arritmias, Grupo Hospitales de Madrid Dr.\u00a0Jesus Daniel Mart\u00ednez Alday, Adjunto de la Unidad de &hellip; <a class=\"kt-excerpt-readmore\" href=\"https:\/\/redmodcard.webs.upv.es\/?page_id=71\" aria-label=\"Colaboradores Externos\">Read More<\/a><\/p>\n","protected":false},"author":1,"featured_media":0,"parent":0,"menu_order":0,"comment_status":"closed","ping_status":"closed","template":"page-fullwidth.php","meta":{"footnotes":"","_links_to":"","_links_to_target":""},"class_list":["post-71","page","type-page","status-publish","hentry"],"_links":{"self":[{"href":"https:\/\/redmodcard.webs.upv.es\/index.php?rest_route=\/wp\/v2\/pages\/71","targetHints":{"allow":["GET"]}}],"collection":[{"href":"https:\/\/redmodcard.webs.upv.es\/index.php?rest_route=\/wp\/v2\/pages"}],"about":[{"href":"https:\/\/redmodcard.webs.upv.es\/index.php?rest_route=\/wp\/v2\/types\/page"}],"author":[{"embeddable":true,"href":"https:\/\/redmodcard.webs.upv.es\/index.php?rest_route=\/wp\/v2\/users\/1"}],"replies":[{"embeddable":true,"href":"https:\/\/redmodcard.webs.upv.es\/index.php?rest_route=%2Fwp%2Fv2%2Fcomments&post=71"}],"version-history":[{"count":32,"href":"https:\/\/redmodcard.webs.upv.es\/index.php?rest_route=\/wp\/v2\/pages\/71\/revisions"}],"predecessor-version":[{"id":600,"href":"https:\/\/redmodcard.webs.upv.es\/index.php?rest_route=\/wp\/v2\/pages\/71\/revisions\/600"}],"wp:attachment":[{"href":"https:\/\/redmodcard.webs.upv.es\/index.php?rest_route=%2Fwp%2Fv2%2Fmedia&parent=71"}],"curies":[{"name":"wp","href":"https:\/\/api.w.org\/{rel}","templated":true}]}}