{"id":8,"date":"2018-01-08T08:41:32","date_gmt":"2018-01-08T08:41:32","guid":{"rendered":"http:\/\/redmodcard.webs.upv.es\/?page_id=8"},"modified":"2025-09-10T12:49:02","modified_gmt":"2025-09-10T12:49:02","slug":"presentacion","status":"publish","type":"page","link":"https:\/\/redmodcard.webs.upv.es\/","title":{"rendered":"Bienvenidos"},"content":{"rendered":"<div id=\"pl-8\"  class=\"panel-layout\" ><div id=\"pg-8-0\"  class=\"panel-grid panel-no-style\" ><div id=\"pgc-8-0-0\"  class=\"panel-grid-cell\" ><div id=\"panel-8-0-0-0\" class=\"so-panel widget widget_text panel-first-child panel-last-child\" data-index=\"0\" ><h3 class=\"widget-title\">Presentaci\u00f3n<\/h3>\t\t\t<div class=\"textwidget\"><p>Para m\u00e1s informaci\u00f3n\u00a0<a href=\"https:\/\/redmodcard.webs.upv.es\/wp-content\/uploads\/2018\/04\/Presentation_VHEARTsn.pdf\">Presentation VHEART<\/a><\/p>\n<p>La presente Red Espa\u00f1ola de Investigaci\u00f3n en Modelizaci\u00f3n Computacional Card\u00edaca tiene como misi\u00f3n potenciar la colaboraci\u00f3n entre diferentes grupos espa\u00f1oles con amplia trayectoria en el \u00e1mbito de la modelizaci\u00f3n computacional card\u00edaca y hemodin\u00e1mica, con el objetivo general de facilitar y acelerar el desarrollo, implementaci\u00f3n y aplicaci\u00f3n de modelos computacionales en investigaci\u00f3n biom\u00e9dica.<\/p>\n<p>Es una red multidisciplinar en la que sus miembros investigan el coraz\u00f3n y el sistema vascular desde diferentes puntos de vista: electrofisiol\u00f3gico, biomec\u00e1nico o cardiovascular, junto con expertos en m\u00e9todos num\u00e9ricos y computaci\u00f3n de altas prestaciones. La red est\u00e1 constituida por grupos consolidados a nivel internacional, y potenciar\u00e1 el impacto internacional de la ciencia espa\u00f1ola en esta \u00e1rea.<\/p>\n<p>Para conseguir estos objetivos se han dise\u00f1ado una serie de acciones para potenciar las actividades conjuntas, como participaci\u00f3n en proyectos o en publicaciones cient\u00edficas, y para atraer talento joven. Se pretende crear foros de discusi\u00f3n e incrementar el contacto con los m\u00e9dicos y con las empresas del sector, mediante la organizaci\u00f3n de seminarios espec\u00edficos. La red pretende facilitar la utilizaci\u00f3n de los modelos computacionales en la cl\u00ednica diaria, facilitando el dise\u00f1o de terapias personalizadas m\u00e1s eficaces y seguras.<\/p>\n<p>La red actual (RED2022-134490-T, Ministerio de Ciencia, Innovaci\u00f3n y Universidades) es continuaci\u00f3n de la Red Espa\u00f1ola de Investigaci\u00f3n en Modelizaci\u00f3n Computacional Cardiaca (V-Heart SN) concedida en 2017.<\/p>\n<p>&nbsp;<\/p>\n<p>Entidad beneficiaria: Universitat de Val\u00e8ncia<\/p>\n<p>Entidad Financiadora: Ministerio de Econom\u00eda, Industria y Competitividad \u2013 Agencia Estatal de Investigaci\u00f3n. RED2022-134490-T<\/p>\n<p><img loading=\"lazy\" decoding=\"async\" class=\"wp-image-387 size-medium alignleft\" src=\"https:\/\/redmodcard.webs.upv.es\/wp-content\/uploads\/2018\/03\/2_MEIC_Gob_Web_AEI-300x58.jpg\" alt=\"\" width=\"300\" height=\"58\" srcset=\"https:\/\/redmodcard.webs.upv.es\/wp-content\/uploads\/2018\/03\/2_MEIC_Gob_Web_AEI-300x58.jpg 300w, https:\/\/redmodcard.webs.upv.es\/wp-content\/uploads\/2018\/03\/2_MEIC_Gob_Web_AEI-768x149.jpg 768w, https:\/\/redmodcard.webs.upv.es\/wp-content\/uploads\/2018\/03\/2_MEIC_Gob_Web_AEI-1024x198.jpg 1024w\" sizes=\"auto, (max-width: 300px) 100vw, 300px\" \/><\/p>\n<p>&nbsp;<\/p>\n<p>&nbsp;<\/p>\n<p>&nbsp;<\/p>\n<p>&nbsp;<\/p>\n<p>Fecha inicio: 01\/07\/2023<br \/>\nFecha fin: 01\/06\/2025<\/p>\n<p>&nbsp;<\/p>\n<h3>Equipo de trabajo<\/h3>\n<ul class=\"portfolio-content disc\">\n<li>UNIVERSITAT DE VALENCIA<br \/>\nMiguel Rodrigo Bort<\/li>\n<li>UNIVERSITAT POLIT\u00c8CNICA DE VAL\u00c8NCIA<br \/>\nFco Javier S\u00e1iz Rodr\u00edguez<\/li>\n<li>UNIVERSIDAD DE NAVARRA<br \/>\nJean Ren\u00e9 Alfred Bragad<\/li>\n<li>UNIVERSITAT POLIT\u00c8CNICA DE CATALUNYA<br \/>\nBlas Echebarria<\/li>\n<li>Asoc CIMNE- INTERNATIONAL CENTER FOR NUMERICAL METHODS IN ENGINEERING<br \/>\nEuardo Soudah Prieto<\/li>\n<li>UNIVERSITAT POMPEU FABRA<br \/>\nOscar Camara Rey<\/li>\n<li>BARCELONA SUPERCOMPUTING CENTER (BSC-CNS)<br \/>\nMariano V\u00e1zquez<\/li>\n<li>UNIVERSIDAD DE ZARAGOZA<br \/>\nEsther Pueyo<\/li>\n<li>UNIVERSIDAD DE VALLADOLID<br \/>\nJose Sierra Pallares<\/li>\n<li>HOSPITAL POLIT\u00c9CNICO Y UNIVERSITARIO LA FE DE VALENCIA<br \/>\nJoaqu\u00edn Osca Asensi<\/li>\n<li>CENTRO NACIONAL DE INVESTIGACIONES CARDIOVASCULARES CARLOS III<br \/>\nDavid Filgueiras Rama<\/li>\n<li>INSTITUT DE RECERCA DE L&#8217;HOSPITAL DE LA SANTA CREU I SANT PAU<br \/>\nJose Maria Guerra Ramos<\/li>\n<li>HOSPITAL VALL D&#8217;HEBRON<br \/>\nFerran Ros\u00e9s Noguer<\/li>\n<\/ul>\n<\/div>\n\t\t<\/div><\/div><div id=\"pgc-8-0-1\"  class=\"panel-grid-cell\" >\n\t\t<div id=\"panel-8-0-1-0\" class=\"so-panel widget widget_recent-posts widget_recent_entries panel-first-child\" data-index=\"1\" >\n\t\t<h3 class=\"widget-title\">Noticias<\/h3>\n\t\t<ul>\n\t\t\t\t\t\t\t\t\t\t\t<li>\n\t\t\t\t\t<a href=\"https:\/\/redmodcard.webs.upv.es\/?p=554\">2 Postdoctoral positions<\/a>\n\t\t\t\t\t\t\t\t\t\t\t<span class=\"post-date\">enero 4, 2019<\/span>\n\t\t\t\t\t\t\t\t\t<\/li>\n\t\t\t\t\t<\/ul>\n\n\t\t<\/div><div id=\"panel-8-0-1-1\" class=\"so-panel widget panel-last-child\" data-index=\"2\" ><\/div><\/div><\/div><\/div>","protected":false},"excerpt":{"rendered":"<p>Para m\u00e1s informaci\u00f3n\u00a0Presentation VHEART La presente Red Espa\u00f1ola de Investigaci\u00f3n en Modelizaci\u00f3n Computacional Card\u00edaca tiene como misi\u00f3n potenciar la colaboraci\u00f3n entre diferentes grupos espa\u00f1oles con amplia trayectoria en el \u00e1mbito de la modelizaci\u00f3n computacional card\u00edaca y hemodin\u00e1mica, con el objetivo general de facilitar y acelerar el desarrollo, implementaci\u00f3n y aplicaci\u00f3n de modelos computacionales en investigaci\u00f3n biom\u00e9dica. Es una red multidisciplinar en la que sus miembros investigan el coraz\u00f3n y el sistema vascular desde diferentes puntos de vista: electrofisiol\u00f3gico, biomec\u00e1nico o &hellip; <a class=\"kt-excerpt-readmore\" href=\"https:\/\/redmodcard.webs.upv.es\/\" aria-label=\"Bienvenidos\">Read More<\/a><\/p>\n","protected":false},"author":1,"featured_media":0,"parent":0,"menu_order":0,"comment_status":"closed","ping_status":"closed","template":"page-landing.php","meta":{"footnotes":"","_links_to":"","_links_to_target":""},"class_list":["post-8","page","type-page","status-publish","hentry"],"_links":{"self":[{"href":"https:\/\/redmodcard.webs.upv.es\/index.php?rest_route=\/wp\/v2\/pages\/8","targetHints":{"allow":["GET"]}}],"collection":[{"href":"https:\/\/redmodcard.webs.upv.es\/index.php?rest_route=\/wp\/v2\/pages"}],"about":[{"href":"https:\/\/redmodcard.webs.upv.es\/index.php?rest_route=\/wp\/v2\/types\/page"}],"author":[{"embeddable":true,"href":"https:\/\/redmodcard.webs.upv.es\/index.php?rest_route=\/wp\/v2\/users\/1"}],"replies":[{"embeddable":true,"href":"https:\/\/redmodcard.webs.upv.es\/index.php?rest_route=%2Fwp%2Fv2%2Fcomments&post=8"}],"version-history":[{"count":78,"href":"https:\/\/redmodcard.webs.upv.es\/index.php?rest_route=\/wp\/v2\/pages\/8\/revisions"}],"predecessor-version":[{"id":642,"href":"https:\/\/redmodcard.webs.upv.es\/index.php?rest_route=\/wp\/v2\/pages\/8\/revisions\/642"}],"wp:attachment":[{"href":"https:\/\/redmodcard.webs.upv.es\/index.php?rest_route=%2Fwp%2Fv2%2Fmedia&parent=8"}],"curies":[{"name":"wp","href":"https:\/\/api.w.org\/{rel}","templated":true}]}}